{"id":5,"date":"2026-04-07T12:11:14","date_gmt":"2026-04-07T12:11:14","guid":{"rendered":"https:\/\/expatprotected.com\/index.php\/calculator\/"},"modified":"2026-04-07T12:11:14","modified_gmt":"2026-04-07T12:11:14","slug":"calculator","status":"publish","type":"page","link":"https:\/\/expatprotected.com\/sv\/calculator\/","title":{"rendered":"Sjukf\u00f6rs\u00e4kringskalkylator"},"content":{"rendered":"<div class=\"calc-container\">\r\n        \r\n        <p><strong>Alla f\u00e4lt med <span style=\"color:red;\">R\u00d6D *<\/span> m\u00e5ste fyllas i.<\/strong><\/p>\r\n\r\n        <!-- AREA -->\r\n        <label class=\"calc-label\">DIN BOS\u00c4TTNINGSREGION <span class=\"required\">*<\/span><\/label>\r\n        <select id=\"area\" required>\r\n            <option value=\"area3\" selected>THAILAND<\/option>\r\n            <option value=\"area1\">USA, KANADA, SCHWEIZ, JAPAN, ISRAEL<\/option>\r\n            <option value=\"area2\">EUROPA (EJ SCHWEIZ), AUSTRALIEN, KINA<\/option>\r\n            <option value=\"area3\">AFRIKA, ASIEN (EJ KINA), MELLAN\u00d6STERN<\/option>\r\n        <\/select>\r\n\r\n        <!-- DOB as three selects -->\r\n        <label class=\"calc-label\">DITT F\u00d6DELSEDATUM <span class=\"required\">*<\/span><\/label>\r\n        <div class=\"dob-selects\">\r\n            <select id=\"dob-day\" aria-label=\"Dag\">\r\n                <option value=\"\">Dag<\/option>\r\n                <option value='1'>1<\/option><option value='2'>2<\/option><option value='3'>3<\/option><option value='4'>4<\/option><option value='5'>5<\/option><option value='6'>6<\/option><option value='7'>7<\/option><option value='8'>8<\/option><option value='9'>9<\/option><option value='10'>10<\/option><option value='11'>11<\/option><option value='12'>12<\/option><option value='13'>13<\/option><option value='14'>14<\/option><option value='15'>15<\/option><option value='16'>16<\/option><option value='17'>17<\/option><option value='18'>18<\/option><option value='19'>19<\/option><option value='20'>20<\/option><option value='21'>21<\/option><option value='22'>22<\/option><option value='23'>23<\/option><option value='24'>24<\/option><option value='25'>25<\/option><option value='26'>26<\/option><option value='27'>27<\/option><option value='28'>28<\/option><option value='29'>29<\/option><option value='30'>30<\/option><option value='31'>31<\/option>            <\/select>\r\n            <select id=\"dob-month\" aria-label=\"M\u00e5nad\">\r\n                <option value=\"\">M\u00e5nad<\/option>\r\n                <option value='1'>Jan<\/option><option value='2'>Feb<\/option><option value='3'>Mar<\/option><option value='4'>Apr<\/option><option value='5'>Maj<\/option><option value='6'>Jun<\/option><option value='7'>Jul<\/option><option value='8'>Aug<\/option><option value='9'>Sep<\/option><option value='10'>Okt<\/option><option value='11'>Nov<\/option><option value='12'>Dec<\/option>            <\/select>\r\n            <select id=\"dob-year\" aria-label=\"\u00c5r\">\r\n                <option value=\"\">\u00c5r<\/option>\r\n                <option value='1920'>1920<\/option><option value='1921'>1921<\/option><option value='1922'>1922<\/option><option value='1923'>1923<\/option><option value='1924'>1924<\/option><option value='1925'>1925<\/option><option value='1926'>1926<\/option><option value='1927'>1927<\/option><option value='1928'>1928<\/option><option value='1929'>1929<\/option><option value='1930'>1930<\/option><option value='1931'>1931<\/option><option value='1932'>1932<\/option><option value='1933'>1933<\/option><option value='1934'>1934<\/option><option value='1935'>1935<\/option><option value='1936'>1936<\/option><option value='1937'>1937<\/option><option value='1938'>1938<\/option><option value='1939'>1939<\/option><option value='1940'>1940<\/option><option value='1941'>1941<\/option><option value='1942'>1942<\/option><option value='1943'>1943<\/option><option value='1944'>1944<\/option><option value='1945'>1945<\/option><option value='1946'>1946<\/option><option value='1947'>1947<\/option><option value='1948'>1948<\/option><option value='1949'>1949<\/option><option value='1950'>1950<\/option><option value='1951'>1951<\/option><option value='1952'>1952<\/option><option value='1953'>1953<\/option><option value='1954'>1954<\/option><option value='1955'>1955<\/option><option value='1956'>1956<\/option><option value='1957'>1957<\/option><option value='1958'>1958<\/option><option value='1959'>1959<\/option><option value='1960'>1960<\/option><option value='1961'>1961<\/option><option value='1962'>1962<\/option><option value='1963'>1963<\/option><option value='1964'>1964<\/option><option value='1965'>1965<\/option><option value='1966'>1966<\/option><option value='1967'>1967<\/option><option value='1968'>1968<\/option><option value='1969'>1969<\/option><option value='1970'>1970<\/option><option value='1971'>1971<\/option><option value='1972'>1972<\/option><option value='1973'>1973<\/option><option value='1974'>1974<\/option><option value='1975'>1975<\/option><option value='1976'>1976<\/option><option value='1977'>1977<\/option><option value='1978'>1978<\/option><option value='1979'>1979<\/option><option value='1980'>1980<\/option><option value='1981'>1981<\/option><option value='1982'>1982<\/option><option value='1983'>1983<\/option><option value='1984'>1984<\/option><option value='1985'>1985<\/option><option value='1986'>1986<\/option><option value='1987'>1987<\/option><option value='1988'>1988<\/option><option value='1989'>1989<\/option><option value='1990'>1990<\/option><option value='1991'>1991<\/option><option value='1992'>1992<\/option><option value='1993'>1993<\/option><option value='1994'>1994<\/option><option value='1995'>1995<\/option><option value='1996'>1996<\/option><option value='1997'>1997<\/option><option value='1998'>1998<\/option><option value='1999'>1999<\/option><option value='2000'>2000<\/option><option value='2001'>2001<\/option><option value='2002'>2002<\/option><option value='2003'>2003<\/option><option value='2004'>2004<\/option><option value='2005'>2005<\/option><option value='2006'>2006<\/option><option value='2007'>2007<\/option><option value='2008'>2008<\/option><option value='2009'>2009<\/option><option value='2010'>2010<\/option><option value='2011'>2011<\/option><option value='2012'>2012<\/option><option value='2013'>2013<\/option><option value='2014'>2014<\/option><option value='2015'>2015<\/option><option value='2016'>2016<\/option><option value='2017'>2017<\/option><option value='2018'>2018<\/option><option value='2019'>2019<\/option><option value='2020'>2020<\/option><option value='2021'>2021<\/option><option value='2022'>2022<\/option><option value='2023'>2023<\/option><option value='2024'>2024<\/option><option value='2025'>2025<\/option>            <\/select>\r\n            <span id=\"age\" class=\"calc-age\"><\/span> <span>\u00c5r (max \u00e5lder 110)<\/span>\r\n        <\/div>\r\n\r\n        <!-- GUL INFO-RUTA -->\r\n        <div class=\"yellow-info\">\r\n            POLICYS ENBART F\u00d6R BARN ACCEPTERAS INTE &mdash; MINST EN F\u00d6R\u00c4LDER M\u00c5STE OCKS\u00c5 VARA F\u00d6RS\u00c4KRAD MED BARNEN...\r\n        <\/div>\r\n\r\n        <!-- CHECKBOXES with dynamic tooltips -->\r\n        <div class=\"checkbox-row\">\r\n            <label>\r\n                SLUTENV\u00c5RD\r\n                <span \r\n                  class=\"info-icon\" \r\n                  data-popup-title=\"Inpatient Info\" \r\n                  data-popup-text=\"Inpatient covers hospitalization...\"\r\n                  data-popup-url=\"\">\r\n                  i\r\n                <\/span>\r\n                <input type=\"checkbox\" id=\"inpatient\" checked>\r\n            <\/label>\r\n            <label>\r\n                \u00d6PPENV\u00c5RD\r\n                <span \r\n                  class=\"info-icon\" \r\n                  data-popup-title=\"Outpatient Info\"\r\n                  data-popup-text=\"Outpatient covers visits to doctors...\"\r\n                  data-popup-url=\"\">\r\n                  i\r\n                <\/span>\r\n                <input type=\"checkbox\" id=\"outpatient\">\r\n            <\/label>\r\n            <label>\r\n                TANDV\u00c5RD &amp; OPTIK\r\n                <span \r\n                  class=\"info-icon\"\r\n                  data-popup-title=\"Dental\/Optical Info\"\r\n                  data-popup-text=\"Includes coverage for dental\/optical...\"\r\n                  data-popup-url=\"\">\r\n                  i\r\n                <\/span>\r\n                <input type=\"checkbox\" id=\"dental\">\r\n            <\/label>\r\n        <\/div>\r\n\r\n        <!-- EVACUATION + info -->\r\n        <label class=\"calc-label\">\r\n            ASSISTANS, EVAKUERING &amp; HEMTRANSPORT\r\n            <span \r\n              class=\"info-icon\"\r\n              data-popup-title=\"Evacuation \/ Repatriation\"\r\n              data-popup-text=\"The repatriation is possible...\"\r\n              data-popup-url=\"\">\r\n              i\r\n            <\/span>\r\n        <\/label>\r\n        <select id=\"evacuation\">\r\n            <option value=\"none\" selected>Ingen<\/option>\r\n            <option value=\"family\">Familjeevakuering<\/option>\r\n            <option value=\"individual\">Individuell evakuering<\/option>\r\n        <\/select>\r\n        <!--\r\n        <div class=\"yellow-info\">\r\n            If not all the members of the contract take the assistance evacuation...\r\n        <\/div>\r\n        -->\r\n\r\n        <!-- GLOBAL LIMIT + Info -->\r\n        <label class=\"calc-label\">\r\n            JUSTERA TOTALBELOPP (FR\u00c5N 1 000 USD UPP TILL 2 000 000 USD)\r\n            <span \r\n              class=\"info-icon\"\r\n              data-popup-title=\"Global Limit\"\r\n              data-popup-text=\"Max amount per person\/year...\"\r\n              data-popup-url=\"\">\r\n              i\r\n            <\/span>\r\n        <\/label>\r\n        <select id=\"limit\">\r\n            <option value=\"1000\" data-plan=\"1\">1 000 USD (Micro Plan)<\/option>\r\n            <option value=\"2000\" data-plan=\"2\">2 000 USD (Micro Plan)<\/option>\r\n            <option value=\"5000\" data-plan=\"3\">5 000 USD (Micro Plan)<\/option>\r\n            <option value=\"10000\" data-plan=\"4\">10 000 USD (Economy Plan)<\/option>\r\n            <option value=\"20000\" data-plan=\"5\">20 000 USD (Economy Plan)<\/option>\r\n            <option value=\"40000\" data-plan=\"6\">40 000 USD (Economy Plan)<\/option>\r\n            <option value=\"80000\" data-plan=\"7\" selected>80 000 USD (Economy Plan)<\/option>\r\n            <option value=\"100000\" data-plan=\"8\">100 000 USD (Serenity Plan)<\/option>\r\n            <option value=\"200000\" data-plan=\"9\">200 000 USD (Serenity Plan)<\/option>\r\n            <option value=\"400000\" data-plan=\"10\">400 000 USD (Serenity Plan)<\/option>\r\n            <option value=\"600000\" data-plan=\"11\">600 000 USD (Serenity Plan)<\/option>\r\n            <option value=\"800000\" data-plan=\"12\">800 000 USD (Serenity Plan)<\/option>\r\n            <option value=\"2000000\" data-plan=\"13\">2 000 000 USD (Elite Plan)<\/option>\r\n        <\/select>\r\n\r\n        <!-- DEDUCTIBLE + Info -->\r\n        <label class=\"calc-label\">\r\n            JUSTERA SJ\u00c4LVRISK PER SJUKHUS\u00c4RENDE (FR\u00c5N 0 USD TILL 5 000 USD)\r\n            <span \r\n              class=\"info-icon\"\r\n              data-popup-title=\"Deductible Info\"\r\n              data-popup-text=\"The amount you pay before insurance...\"\r\n              data-popup-url=\"\">\r\n              i\r\n            <\/span>\r\n        <\/label>\r\n        <select id=\"deductible\">\r\n            <option value=\"0\" selected>$0<\/option>\r\n            <option value=\"500\">$500<\/option>\r\n            <option value=\"1000\">$1000<\/option>\r\n            <option value=\"5000\">$5000<\/option>\r\n        <\/select>\r\n\r\n        <!-- PLAN TEXT -->\r\n        <div class=\"plan-name\">\r\n            <strong>PLAN:<\/strong> <span id=\"plan-text\">ECONOMY PLAN<\/span>\r\n        <\/div>\r\n\r\n        <!-- VALUTA (4 st) -->\r\n        <label class=\"calc-label\">\r\n            V\u00c4LJ VALUTA:\r\n            <span\r\n              class=\"info-icon\"\r\n              data-popup-title=\"Choose Currency\"\r\n              data-popup-text=\"API returns 4 sets of values...\"\r\n              data-popup-url=\"\">\r\n              i\r\n            <\/span>\r\n        <\/label>\r\n        <select id=\"currency\">\r\n            <option value=\"1\" selected>$ (USD)<\/option>\r\n            <option value=\"2\">\u20ac (EUR)<\/option>\r\n            <option value=\"3\">\u00a3 (GBP)<\/option>\r\n            <option value=\"4\">\u0e3f (THB)<\/option>\r\n        <\/select>\r\n\r\n        <!-- FREQUENCY OF PAYMENT -->\r\n        <p class=\"calc-label\">BETALNINGSFREKVENS<\/p>\r\n        <div class=\"frequency-row\">\r\n            <div>\r\n                <label>\u00c5RLIGEN<\/label>\r\n                <span id=\"yearly-cost\">0<\/span>\r\n            <\/div>\r\n            <div>\r\n                <label>HALV\u00c5RSVIS<\/label>\r\n                <span id=\"biannual-cost\">0<\/span>\r\n            <\/div>\r\n            <div>\r\n                <label>KVARTALSVIS<\/label>\r\n                <span id=\"quarterly-cost\">0<\/span>\r\n            <\/div>\r\n            <div>\r\n                <label>M\u00c5NADSVIS<\/label>\r\n                <span id=\"monthly-cost\">0<\/span>\r\n            <\/div>\r\n        <\/div>\r\n\r\n        <!-- BUTTONS -->\r\n        <div class=\"calc-buttons\">\r\n            <button id=\"calculate\" class=\"btn-calc\">Ber\u00e4kna<\/button>\r\n            <!-- Removed \"Contact me\" button -->\r\n            <button id=\"interested-btn\" class=\"btn-interest\" style=\"display:none;\">Jag \u00e4r intresserad<\/button>\r\n        <\/div>\r\n\r\n        <!-- Hidden form for capturing user details -->\r\n        <div id=\"interested-form\" style=\"display: none; margin-top: 1em;\">\r\n            <label for=\"lead-name\">Ditt namn:<\/label>\r\n            <input type=\"text\" id=\"lead-name\" name=\"lead-name\" style=\"display:block; margin-bottom: 0.5em;\">\r\n\r\n            <label for=\"lead-email\">Din e-post:<\/label>\r\n            <input type=\"email\" id=\"lead-email\" name=\"lead-email\" style=\"display:block; margin-bottom: 0.5em;\">\r\n\r\n            <button id=\"submit-lead\" class=\"btn-calc\">Skicka<\/button>\r\n        <\/div>\r\n    <\/div>\r\n\r\n    <!-- Popup-modal -->\r\n    <div id=\"info-popup\" class=\"info-popup\">\r\n        <div class=\"info-popup-content\">\r\n            <button type=\"button\" class=\"popup-close\">&times;<\/button>\r\n            <h3 id=\"popup-title\">Titel h\u00e4r<\/h3>\r\n            <p id=\"popup-text\">Text h\u00e4r<\/p>\r\n            <!-- Removed the DOWNLOAD link entirely -->\r\n            <p id=\"popup-link-container\" style=\"display:none;\">\r\n                <a href=\"#\" class=\"popup-download-btn\" id=\"popup-link\" target=\"_blank\">\u00d6ppna l\u00e4nk<\/a>\r\n            <\/p>\r\n        <\/div>\r\n    <\/div>","protected":false},"excerpt":{"rendered":"","protected":false},"author":0,"featured_media":0,"parent":0,"menu_order":0,"comment_status":"closed","ping_status":"closed","template":"","meta":{"footnotes":""},"class_list":["post-5","page","type-page","status-publish","hentry"],"aioseo_notices":[],"_links":{"self":[{"href":"https:\/\/expatprotected.com\/sv\/wp-json\/wp\/v2\/pages\/5","targetHints":{"allow":["GET"]}}],"collection":[{"href":"https:\/\/expatprotected.com\/sv\/wp-json\/wp\/v2\/pages"}],"about":[{"href":"https:\/\/expatprotected.com\/sv\/wp-json\/wp\/v2\/types\/page"}],"replies":[{"embeddable":true,"href":"https:\/\/expatprotected.com\/sv\/wp-json\/wp\/v2\/comments?post=5"}],"version-history":[{"count":0,"href":"https:\/\/expatprotected.com\/sv\/wp-json\/wp\/v2\/pages\/5\/revisions"}],"wp:attachment":[{"href":"https:\/\/expatprotected.com\/sv\/wp-json\/wp\/v2\/media?parent=5"}],"curies":[{"name":"wp","href":"https:\/\/api.w.org\/{rel}","templated":true}]}}