{"id":15780,"date":"2026-04-29T02:50:08","date_gmt":"2026-04-29T02:50:08","guid":{"rendered":"https:\/\/expatprotected.com\/index.php\/quote\/"},"modified":"2026-04-29T05:34:54","modified_gmt":"2026-04-29T05:34:54","slug":"quote","status":"publish","type":"page","link":"https:\/\/expatprotected.com\/sv\/quote\/","title":{"rendered":"Beg\u00e4r en offert"},"content":{"rendered":"<div class=\"ep-quote-grid-wrap\">\n            <h2 class=\"ep-quote-grid-title\">V\u00e4lj din f\u00f6rs\u00e4kring<\/h2>\n            <p class=\"ep-quote-grid-sub\">V\u00e4lj typ av f\u00f6rs\u00e4kring f\u00f6r att f\u00e5 en omedelbar offert.<\/p>\n            <div class=\"ep-quote-grid\">\n                                    <a class=\"ep-quote-card\" href=\"\/sv\/calculator\/\">\n                        <div class=\"ep-quote-card-icon\">\ud83c\udfe5<\/div>\n                        <h3 class=\"ep-quote-card-title\">H\u00e4lsa<\/h3>\n                        <p class=\"ep-quote-card-desc\">Sjukf\u00f6rs\u00e4kringskalkylator<\/p>\n                    <\/a>\n                                    <a class=\"ep-quote-card\" href=\"\/sv\/service\/life-insurance\/\">\n                        <div class=\"ep-quote-card-icon\">\u2764\ufe0f<\/div>\n                        <h3 class=\"ep-quote-card-title\">Liv<\/h3>\n                        <p class=\"ep-quote-card-desc\">Livf\u00f6rs\u00e4kringskalkylator<\/p>\n                    <\/a>\n                                    <a class=\"ep-quote-card\" href=\"\/sv\/quote\/car\/\">\n                        <div class=\"ep-quote-card-icon\">\ud83d\ude97<\/div>\n                        <h3 class=\"ep-quote-card-title\">Bil<\/h3>\n                        <p class=\"ep-quote-card-desc\">Bilf\u00f6rs\u00e4kringsoffert<\/p>\n                    <\/a>\n                                    <a class=\"ep-quote-card\" href=\"\/sv\/quote\/travel\/\">\n                        <div class=\"ep-quote-card-icon\">\u2708\ufe0f<\/div>\n                        <h3 class=\"ep-quote-card-title\">Resa<\/h3>\n                        <p class=\"ep-quote-card-desc\">Resef\u00f6rs\u00e4kringsoffert<\/p>\n                    <\/a>\n                                    <a class=\"ep-quote-card\" href=\"\/sv\/service\/schengen-visa-insurance\/\">\n                        <div class=\"ep-quote-card-icon\">\ud83d\udec2<\/div>\n                        <h3 class=\"ep-quote-card-title\">Schengen-visum<\/h3>\n                        <p class=\"ep-quote-card-desc\">Kalkylator f\u00f6r Schengen-visumf\u00f6rs\u00e4kring<\/p>\n                    <\/a>\n                            <\/div>\n        <\/div>\n        <style>\n            .ep-quote-grid-wrap{max-width:1100px;margin:0 auto;padding:20px 20px 60px;}\n            .ep-quote-grid-title{text-align:center;margin:0 0 12px;}\n            .ep-quote-grid-sub{text-align:center;color:#666;margin:0 0 48px;}\n            .ep-quote-grid{display:grid;grid-template-columns:repeat(auto-fit,minmax(240px,1fr));gap:24px;}\n            .ep-quote-card{display:block;background:#fff;border:1px solid #e5e7eb;border-radius:12px;\n                padding:32px 24px;text-align:center;text-decoration:none;color:#1f2937;\n                box-shadow:0 1px 3px rgba(0,0,0,.05);transition:transform .15s ease, box-shadow .15s ease;}\n            .ep-quote-card:hover{transform:translateY(-3px);box-shadow:0 6px 18px rgba(0,0,0,.08);}\n            .ep-quote-card-icon{font-size:48px;margin-bottom:16px;line-height:1;}\n            .ep-quote-card-title{margin:0 0 8px;color:#1f2937;}\n            .ep-quote-card-desc{margin:0;color:#6b7280;font-size:14px;}\n        <\/style>","protected":false},"excerpt":{"rendered":"","protected":false},"author":0,"featured_media":0,"parent":0,"menu_order":0,"comment_status":"closed","ping_status":"closed","template":"","meta":{"footnotes":""},"class_list":["post-15780","page","type-page","status-publish","hentry"],"aioseo_notices":[],"_links":{"self":[{"href":"https:\/\/expatprotected.com\/sv\/wp-json\/wp\/v2\/pages\/15780","targetHints":{"allow":["GET"]}}],"collection":[{"href":"https:\/\/expatprotected.com\/sv\/wp-json\/wp\/v2\/pages"}],"about":[{"href":"https:\/\/expatprotected.com\/sv\/wp-json\/wp\/v2\/types\/page"}],"replies":[{"embeddable":true,"href":"https:\/\/expatprotected.com\/sv\/wp-json\/wp\/v2\/comments?post=15780"}],"version-history":[{"count":2,"href":"https:\/\/expatprotected.com\/sv\/wp-json\/wp\/v2\/pages\/15780\/revisions"}],"predecessor-version":[{"id":15793,"href":"https:\/\/expatprotected.com\/sv\/wp-json\/wp\/v2\/pages\/15780\/revisions\/15793"}],"wp:attachment":[{"href":"https:\/\/expatprotected.com\/sv\/wp-json\/wp\/v2\/media?parent=15780"}],"curies":[{"name":"wp","href":"https:\/\/api.w.org\/{rel}","templated":true}]}}