{"id":15839,"date":"2026-05-02T23:32:20","date_gmt":"2026-05-02T23:32:20","guid":{"rendered":"https:\/\/expatprotected.com\/join-our-agent-network\/"},"modified":"2026-05-02T23:32:20","modified_gmt":"2026-05-02T23:32:20","slug":"join-our-agent-network","status":"publish","type":"page","link":"https:\/\/expatprotected.com\/no\/join-our-agent-network\/","title":{"rendered":"Bli med i v\u00e5rt agentnettverk"},"content":{"rendered":"<h2 class=\"wp-block-heading\">Bli med i v\u00e5rt agentnettverk<\/h2>\n\n\n\n<p>Leter du etter en spennende mulighet til \u00e5 representere et p\u00e5litelig selskap og tjene konkurransedyktige provisjoner? Vi s\u00f8ker agenter som kan promotere og selge v\u00e5re tjenester i <strong>Kambodsja, Vietnam, Hong Kong, Bangkok, Phuket og Hua Hin<\/strong>.<\/p>\n\n\n\n<p>Dette er ikke en ansattelsesrolle; det er et partnerskap der du kan trives som uavhengig agent og tjene provisjon for hvert vellykket salg. Enten du er utlending eller lokal, er dette din sjanse til \u00e5 bli del av et dynamisk nettverk og vokse med oss.<\/p>\n\n\n\n<p>Kontakt oss i dag for mer informasjon og ta det f\u00f8rste skrittet mot et givende samarbeid!<\/p>\n\n\n\n<div class=\"wp-block-buttons is-content-justification-center is-layout-flex wp-container-core-buttons-is-layout-16018d1d wp-block-buttons-is-layout-flex\">\n<div class=\"wp-block-button\"><a class=\"wp-block-button__link has-vivid-cyan-blue-background-color has-background wp-element-button\" href=\"\/no\/agent-system\/register\/\" style=\"padding-top:16px;padding-right:36px;padding-bottom:16px;padding-left:36px\"><strong>S\u00f8k om \u00e5 bli partner<\/strong><\/a><\/div>\n\n\n\n<div class=\"wp-block-button is-style-outline is-style-outline--1\"><a class=\"wp-block-button__link wp-element-button\" href=\"\/no\/contact\/\">Kontakt oss f\u00f8rst<\/a><\/div>\n<\/div>","protected":false},"excerpt":{"rendered":"<p>Join Our Agent Network Are you looking for an exciting opportunity to represent a trusted company and earn competitive commissions? We are seeking agents to promote and sell our services in Cambodia, Vietnam, Hong Kong, Bangkok, Phuket, and Hua Hin. This is not an employment role; it&#8217;s a partnership where you can thrive as an [&hellip;]<\/p>\n","protected":false},"author":1,"featured_media":0,"parent":0,"menu_order":0,"comment_status":"closed","ping_status":"closed","template":"","meta":{"footnotes":""},"class_list":["post-15839","page","type-page","status-publish","hentry"],"aioseo_notices":[],"_links":{"self":[{"href":"https:\/\/expatprotected.com\/no\/wp-json\/wp\/v2\/pages\/15839","targetHints":{"allow":["GET"]}}],"collection":[{"href":"https:\/\/expatprotected.com\/no\/wp-json\/wp\/v2\/pages"}],"about":[{"href":"https:\/\/expatprotected.com\/no\/wp-json\/wp\/v2\/types\/page"}],"author":[{"embeddable":true,"href":"https:\/\/expatprotected.com\/no\/wp-json\/wp\/v2\/users\/1"}],"replies":[{"embeddable":true,"href":"https:\/\/expatprotected.com\/no\/wp-json\/wp\/v2\/comments?post=15839"}],"version-history":[{"count":0,"href":"https:\/\/expatprotected.com\/no\/wp-json\/wp\/v2\/pages\/15839\/revisions"}],"wp:attachment":[{"href":"https:\/\/expatprotected.com\/no\/wp-json\/wp\/v2\/media?parent=15839"}],"curies":[{"name":"wp","href":"https:\/\/api.w.org\/{rel}","templated":true}]}}