{"id":15138,"date":"2024-08-28T04:48:44","date_gmt":"2024-08-28T04:48:44","guid":{"rendered":"https:\/\/www.radiustheme.com\/demo\/wordpress\/themes\/insureti\/?page_id=15138"},"modified":"2026-05-03T05:17:30","modified_gmt":"2026-05-03T05:17:30","slug":"about","status":"publish","type":"page","link":"https:\/\/expatprotected.com\/no\/about\/","title":{"rendered":"Om oss"},"content":{"rendered":"<div data-elementor-type=\"wp-page\" data-elementor-id=\"15138\" class=\"elementor elementor-15138\">\n\t\t\t\t<div class=\"elementor-element elementor-element-5885c90 e-flex e-con-boxed e-con e-parent\" data-id=\"5885c90\" data-element_type=\"container\" data-e-type=\"container\">\n\t\t\t\t\t<div class=\"e-con-inner\">\n\t\t<div class=\"elementor-element elementor-element-40a2d73 e-con-full e-flex e-con e-child\" data-id=\"40a2d73\" data-element_type=\"container\" data-e-type=\"container\">\n\t\t<div class=\"elementor-element elementor-element-d051b4a e-con-full e-flex e-con e-child\" data-id=\"d051b4a\" data-element_type=\"container\" data-e-type=\"container\">\n\t\t\t\t<div class=\"elementor-element elementor-element-7d32ef5 elementor-hidden-tablet elementor-hidden-mobile elementor-widget elementor-widget-rt-image\" data-id=\"7d32ef5\" data-element_type=\"widget\" data-e-type=\"widget\" data-widget_type=\"rt-image.default\">\n\t\t\t\t<div class=\"elementor-widget-container\">\n\t\t\t\t\t\r\n<div class=\"rt-image-layout rt-image-layout-3 rt-image-parallax\">\r\n\t\r\n\t\t\r\n\t    \r\n            <div class=\"rt-image rt-mouse-parallax\" style=\"position: absolute; z-index: 1\">\r\n            <span data-depth=\"1.00\" class=\"rt-img\"><img decoding=\"async\" width=\"293\" height=\"111\" src=\"https:\/\/expatprotected.com\/wp-content\/uploads\/2024\/05\/about-page-img-shape1.png\" class=\"attachment-full size-full\" alt=\"\" \/><\/span>\r\n        <\/div>\r\n\t\r\n\r\n<\/div>\t\t\t\t<\/div>\n\t\t\t\t<\/div>\n\t\t\t\t<div class=\"elementor-element elementor-element-e189221 elementor-widget elementor-widget-rt-image\" data-id=\"e189221\" data-element_type=\"widget\" data-e-type=\"widget\" data-widget_type=\"rt-image.default\">\n\t\t\t\t<div class=\"elementor-widget-container\">\n\t\t\t\t\t\r\n<div class=\"rt-image-layout rt-image-layout-1 rt-image-parallax\">\r\n\t\r\n\t        <div class=\"img-wrap\"><img fetchpriority=\"high\" decoding=\"async\" width=\"510\" height=\"560\" src=\"https:\/\/expatprotected.com\/wp-content\/uploads\/2024\/08\/about-page-img.png\" class=\"attachment-full size-full\" alt=\"\" \/><\/div>\r\n\t\t\r\n\t    \r\n    \r\n\r\n<\/div>\t\t\t\t<\/div>\n\t\t\t\t<\/div>\n\t\t\t\t<\/div>\n\t\t<div class=\"elementor-element elementor-element-c7f0595 e-con-full e-flex e-con e-child\" data-id=\"c7f0595\" data-element_type=\"container\" data-e-type=\"container\">\n\t\t\t\t<div class=\"elementor-element elementor-element-a9655aa elementor-invisible elementor-widget elementor-widget-rt-title\" data-id=\"a9655aa\" data-element_type=\"widget\" data-e-type=\"widget\" data-widget_type=\"rt-title.default\">\n\t\t\t\t<div class=\"elementor-widget-container\">\n\t\t\t\t\t\r\n<div class=\"section-title-wrapper\">\r\n\r\n\t<!--Background Title-->\r\n\t\t\t<div class=\"bg-title-wrap\">\r\n            <span class=\"background-title solid\">\r\n                Egenskaper            <\/span>\r\n\t\t<\/div>\r\n\t\r\n\t<div class=\"title-inner-wrapper wow fadeInUp\" data-wow-delay=\"0.3s\" data-wow-duration=\"1s\">\r\n\r\n\t\t<!--Top Sub Title-->\r\n\t\t\t\t\t<div class=\"top-sub-title-wrap\">\r\n                <span class=\"top-sub-title\">\r\n                    Om oss                <\/span>\r\n\t\t\t<\/div>\r\n\t\t\r\n\t\t<!--Main Title-->\r\n\t\t            <h2 class=\"main-title\">Din p\u00e5litelige partner innen <br>Thailand og Asia<\/h2>\r\n        \r\n        <!--Description-->\r\n                    <div class=\"description\"><p>Velkommen til ExpatProtected.com, din p\u00e5litelige partner for forsikring og juridisk beskyttelse i Thailand og Asia. Med over 30 \u00e5rs erfaring spesialiserer vi oss i \u00e5 beskytte utlendinger og deres familier, og tilbyr skreddersydde l\u00f8sninger som gir sikkerhet og trygghet.<\/p><p>Vi forst\u00e5r de unike utfordringene som f\u00f8lger med \u00e5 bo i utlandet. Enten det gjelder \u00e5 beskytte din helse, bolig eller investeringer, eller \u00e5 navigere i komplekse juridiske systemer, arbeider v\u00e5rt team tett sammen med ledende forsikringsleverand\u00f8rer og juridiske eksperter for \u00e5 sikre at du er fullt dekket.<\/p><p>P\u00e5 ExpatProtected.com er vi forpliktet til \u00e5 levere p\u00e5litelige, transparente og profesjonelle tjenester designet spesielt for utlendinger. Med oss kan du v\u00e6re sikker p\u00e5 at beskyttelsen din er bare ett klikk unna.<\/p><p>La oss hjelpe deg med \u00e5 fokusere p\u00e5 det som betyr mest &mdash; livet ditt, familien din og fremtiden din.<\/p><\/div>\r\n            <\/div>\r\n<\/div>\t\t\t\t<\/div>\n\t\t\t\t<\/div>\n\t\t\t\t<div class=\"elementor-element elementor-element-ebcfd12 elementor-invisible elementor-widget elementor-widget-rt-icon-list\" data-id=\"ebcfd12\" data-element_type=\"widget\" data-e-type=\"widget\" data-widget_type=\"rt-icon-list.default\">\n\t\t\t\t<div class=\"elementor-widget-container\">\n\t\t\t\t\t\r\n<div class=\"rt-icon-list\">\r\n    <ul class=\"list-items no-icon\">\r\n                    <li class=\"icon-list elementor-repeater-item-6ca9476 wow-off fadeInUp\" data-wow-delay=\"200ms\" data-wow-duration=\"1200ms\">\r\n                                             <div class=\"title-link\" >\r\n                            <i class=\"icon-rt-round-tick\"><\/i>                             <div>\r\n                                 <span>Forsikringsl\u00f8sninger skreddersydd for utlendinger<\/span>\r\n                                 <p class=\"sub-title\"><\/p>\r\n                             <\/div>\r\n                        <\/div>\r\n                                    <\/li>\r\n                        <li class=\"icon-list elementor-repeater-item-2c28015 wow-off fadeInUp\" data-wow-delay=\"400ms\" data-wow-duration=\"1200ms\">\r\n                                             <div class=\"title-link\" >\r\n                            <i class=\"icon-rt-round-tick\"><\/i>                             <div>\r\n                                 <span>Juridisk ekspertise p\u00e5 tvers av Thailand og Asia<\/span>\r\n                                 <p class=\"sub-title\"><\/p>\r\n                             <\/div>\r\n                        <\/div>\r\n                                    <\/li>\r\n                        <li class=\"icon-list elementor-repeater-item-e46d0f4 wow-off fadeInUp\" data-wow-delay=\"600ms\" data-wow-duration=\"1200ms\">\r\n                                             <div class=\"title-link\" >\r\n                            <i class=\"icon-rt-round-tick\"><\/i>                             <div>\r\n                                 <span>Over 30 \u00e5rs erfaring med \u00e5 st\u00f8tte familier i utlandet<\/span>\r\n                                 <p class=\"sub-title\"><\/p>\r\n                             <\/div>\r\n                        <\/div>\r\n                                    <\/li>\r\n            <\/ul>\r\n<\/div>\r\n\t\t\t\t<\/div>\n\t\t\t\t<\/div>\n\t\t\t\t<\/div>\n\t\t\t\t<\/div>\n\t\t\t\t\t<\/div>\n\t\t\t\t<\/div>\n\t\t<div class=\"elementor-element elementor-element-e17b9b3 e-flex e-con-boxed e-con e-parent\" data-id=\"e17b9b3\" data-element_type=\"container\" data-e-type=\"container\" data-settings=\"{&quot;background_background&quot;:&quot;classic&quot;}\">\n\t\t\t\t\t<div class=\"e-con-inner\">\n\t\t<div class=\"elementor-element elementor-element-f6e17fa e-con-full e-flex e-con e-child\" data-id=\"f6e17fa\" data-element_type=\"container\" data-e-type=\"container\">\n\t\t\t\t<div class=\"elementor-element elementor-element-00988e2 elementor-invisible elementor-widget elementor-widget-rt-title\" data-id=\"00988e2\" data-element_type=\"widget\" data-e-type=\"widget\" data-widget_type=\"rt-title.default\">\n\t\t\t\t<div class=\"elementor-widget-container\">\n\t\t\t\t\t\r\n<div class=\"section-title-wrapper\">\r\n\r\n\t<!--Background Title-->\r\n\t\t\t<div class=\"bg-title-wrap\">\r\n            <span class=\"background-title solid\">\r\n                Egenskaper            <\/span>\r\n\t\t<\/div>\r\n\t\r\n\t<div class=\"title-inner-wrapper wow fadeInUp\" data-wow-delay=\"0.3s\" data-wow-duration=\"1s\">\r\n\r\n\t\t<!--Top Sub Title-->\r\n\t\t\t\t\t<div class=\"top-sub-title-wrap\">\r\n                <span class=\"top-sub-title\">\r\n                    Ekspertpersonell                <\/span>\r\n\t\t\t<\/div>\r\n\t\t\r\n\t\t<!--Main Title-->\r\n\t\t            <h2 class=\"main-title\">Dedikerte teammedlemmer<\/h2>\r\n        \r\n        <!--Description-->\r\n                    <div class=\"description\"><p>Forsikring er et beskyttelsesmiddel mot \u00f8konomisk tap som innei bytte <br \/>mot et gebyr, godtar en part \u00e5 garantere en annen part<\/p><\/div>\r\n            <\/div>\r\n<\/div>\t\t\t\t<\/div>\n\t\t\t\t<\/div>\n\t\t\t\t<\/div>\n\t\t<div class=\"elementor-element elementor-element-eaa3ce3 e-con-full e-flex e-con e-child\" data-id=\"eaa3ce3\" data-element_type=\"container\" data-e-type=\"container\">\n\t\t\t\t<div class=\"elementor-element elementor-element-66caa51 elementor-invisible elementor-widget elementor-widget-rt-team\" data-id=\"66caa51\" data-element_type=\"widget\" data-e-type=\"widget\" data-widget_type=\"rt-team.default\">\n\t\t\t\t<div class=\"elementor-widget-container\">\n\t\t\t\t\t<div class=\"rt-team-default rt-team-multi-layout-1 team-grid-layout-1\">\r\n    <div class=\"row g-4\">\r\n\t\t        <div class=\"col-xl-3 col-lg-4 col-md-6 col-sm-6 col-xs-12\">\r\n            <div class=\"team-item wow fadeInUp\" data-wow-delay=\"0.3s\" data-wow-duration=\"1s\">\r\n                <div class=\"team-content-wrap\">\r\n\t                                    <div class=\"team-thumbs\">\r\n\t\t\t\t\t\t\t\t\t<div class=\"post-thumbnail-wrap\">\r\n\t\t\t\t<figure class=\"post-thumbnail\">\r\n\t\t\t\t\t<a class=\"post-thumb-link alignwide\" href=\"https:\/\/expatprotected.com\/no\/team\/jim-tjernstroem\/\" aria-hidden=\"true\"\r\n\t\t\t\t\t   tabindex=\"-1\">\r\n\t\t\t\t\t\t\t<img decoding=\"async\" width=\"500\" height=\"500\" src=\"https:\/\/expatprotected.com\/wp-content\/uploads\/2026\/05\/MrJim-500x500.jpg\" class=\"attachment-insureti-500-500 size-insureti-500-500 wp-post-image\" alt=\"\" srcset=\"https:\/\/expatprotected.com\/wp-content\/uploads\/2026\/05\/MrJim-500x500.jpg 500w, https:\/\/expatprotected.com\/wp-content\/uploads\/2026\/05\/MrJim-150x150.jpg 150w\" sizes=\"(max-width: 500px) 100vw, 500px\" \/>\t\t\t\t\t<\/a>\r\n\t\t\t\t\t\t\t\t\t<\/figure><!-- .post-thumbnail -->\r\n\t\t\t<\/div>\r\n\t\t\t                        <div class=\"rt-team-social\">\r\n                            <ul class=\"share-wrap\">\r\n                                <li class=\"share right\">\r\n                                    <a href=\"\"><i class=\"icon-rt-share\"><\/i><\/a>\r\n                                                                            <ul class=\"team-social submenu\">\r\n                                                                                                                                            <li class=\"social-item\">\r\n                                                    <a class=\"social-link\" target=\"_blank\" href=\"https:\/\/www.facebook.com\/MrJim\"><i class=\"icon-facebook\" aria-hidden=\"true\"><\/i><\/a>\r\n                                                <\/li>\r\n                                                                                                                                                                                        <li class=\"social-item\">\r\n                                                    <a class=\"social-link\" target=\"_blank\" href=\"https:\/\/www.linkedin.com\/in\/jimtjernstrom\"><i class=\"icon-linkedin\" aria-hidden=\"true\"><\/i><\/a>\r\n                                                <\/li>\r\n                                                                                                                                <\/ul>\r\n                                                                    <\/li>\r\n                            <\/ul>\r\n                        <\/div>\r\n                        \r\n                    <\/div>\r\n                                        <div class=\"team-content\">\r\n                        <div class=\"team-info\">\r\n                            <h3 class=\"team-title\"><a href=\"https:\/\/expatprotected.com\/no\/team\/jim-tjernstroem\/\">Jim Tjernstroem<\/a><\/h3>\r\n\t\t\t\t\t\t                            <div class=\"team-designation\">Grunnlegger &amp; eier<\/div>\r\n\t\t\t\t\t\t                    <\/div>\r\n                <\/div>\r\n            <\/div>\r\n        <\/div>\r\n    <\/div>\r\n\t        <div class=\"col-xl-3 col-lg-4 col-md-6 col-sm-6 col-xs-12\">\r\n            <div class=\"team-item wow fadeInUp\" data-wow-delay=\"0.5s\" data-wow-duration=\"1s\">\r\n                <div class=\"team-content-wrap\">\r\n\t                                    <div class=\"team-thumbs\">\r\n\t\t\t\t\t\t\t\t\t<div class=\"post-thumbnail-wrap\">\r\n\t\t\t\t<figure class=\"post-thumbnail\">\r\n\t\t\t\t\t<a class=\"post-thumb-link alignwide\" href=\"https:\/\/expatprotected.com\/no\/team\/somchai-anantasiri\/\" aria-hidden=\"true\"\r\n\t\t\t\t\t   tabindex=\"-1\">\r\n\t\t\t\t\t\t\t<img loading=\"lazy\" decoding=\"async\" width=\"500\" height=\"500\" src=\"https:\/\/expatprotected.com\/wp-content\/uploads\/2026\/05\/Somchai-Anantasiri-Senior-Insurance-Advisor-500x500.png\" class=\"attachment-insureti-500-500 size-insureti-500-500 wp-post-image\" alt=\"\" srcset=\"https:\/\/expatprotected.com\/wp-content\/uploads\/2026\/05\/Somchai-Anantasiri-Senior-Insurance-Advisor-500x500.png 500w, https:\/\/expatprotected.com\/wp-content\/uploads\/2026\/05\/Somchai-Anantasiri-Senior-Insurance-Advisor-150x150.png 150w\" sizes=\"(max-width: 500px) 100vw, 500px\" \/>\t\t\t\t\t<\/a>\r\n\t\t\t\t\t\t\t\t\t<\/figure><!-- .post-thumbnail -->\r\n\t\t\t<\/div>\r\n\t\t\t                        <div class=\"rt-team-social\">\r\n                            <ul class=\"share-wrap\">\r\n                                <li class=\"share right\">\r\n                                    <a href=\"\"><i class=\"icon-rt-share\"><\/i><\/a>\r\n                                                                            <ul class=\"team-social submenu\">\r\n                                                                                    <\/ul>\r\n                                                                    <\/li>\r\n                            <\/ul>\r\n                        <\/div>\r\n                        \r\n                    <\/div>\r\n                                        <div class=\"team-content\">\r\n                        <div class=\"team-info\">\r\n                            <h3 class=\"team-title\"><a href=\"https:\/\/expatprotected.com\/no\/team\/somchai-anantasiri\/\">Somchai Anantasiri<\/a><\/h3>\r\n\t\t\t\t\t\t                            <div class=\"team-designation\">Seniorforskringsr\u00e5dgiver<\/div>\r\n\t\t\t\t\t\t                    <\/div>\r\n                <\/div>\r\n            <\/div>\r\n        <\/div>\r\n    <\/div>\r\n\t        <div class=\"col-xl-3 col-lg-4 col-md-6 col-sm-6 col-xs-12\">\r\n            <div class=\"team-item wow fadeInUp\" data-wow-delay=\"0.7s\" data-wow-duration=\"1s\">\r\n                <div class=\"team-content-wrap\">\r\n\t                                    <div class=\"team-thumbs\">\r\n\t\t\t\t\t\t\t\t\t<div class=\"post-thumbnail-wrap\">\r\n\t\t\t\t<figure class=\"post-thumbnail\">\r\n\t\t\t\t\t<a class=\"post-thumb-link alignwide\" href=\"https:\/\/expatprotected.com\/no\/team\/chanika-boonchaisri\/\" aria-hidden=\"true\"\r\n\t\t\t\t\t   tabindex=\"-1\">\r\n\t\t\t\t\t\t\t<img loading=\"lazy\" decoding=\"async\" width=\"500\" height=\"500\" src=\"https:\/\/expatprotected.com\/wp-content\/uploads\/2026\/05\/Boonchaisri-1-500x500.png\" class=\"attachment-insureti-500-500 size-insureti-500-500 wp-post-image\" alt=\"\" srcset=\"https:\/\/expatprotected.com\/wp-content\/uploads\/2026\/05\/Boonchaisri-1-500x500.png 500w, https:\/\/expatprotected.com\/wp-content\/uploads\/2026\/05\/Boonchaisri-1-150x150.png 150w\" sizes=\"(max-width: 500px) 100vw, 500px\" \/>\t\t\t\t\t<\/a>\r\n\t\t\t\t\t\t\t\t\t<\/figure><!-- .post-thumbnail -->\r\n\t\t\t<\/div>\r\n\t\t\t                        <div class=\"rt-team-social\">\r\n                            <ul class=\"share-wrap\">\r\n                                <li class=\"share right\">\r\n                                    <a href=\"\"><i class=\"icon-rt-share\"><\/i><\/a>\r\n                                                                            <ul class=\"team-social submenu\">\r\n                                                                                    <\/ul>\r\n                                                                    <\/li>\r\n                            <\/ul>\r\n                        <\/div>\r\n                        \r\n                    <\/div>\r\n                                        <div class=\"team-content\">\r\n                        <div class=\"team-info\">\r\n                            <h3 class=\"team-title\"><a href=\"https:\/\/expatprotected.com\/no\/team\/chanika-boonchaisri\/\">Chanika Boonchaisri<\/a><\/h3>\r\n\t\t\t\t\t\t                            <div class=\"team-designation\">Juridiske tjenester<\/div>\r\n\t\t\t\t\t\t                    <\/div>\r\n                <\/div>\r\n            <\/div>\r\n        <\/div>\r\n    <\/div>\r\n\t        <div class=\"col-xl-3 col-lg-4 col-md-6 col-sm-6 col-xs-12\">\r\n            <div class=\"team-item wow fadeInUp\" data-wow-delay=\"0.9s\" data-wow-duration=\"1s\">\r\n                <div class=\"team-content-wrap\">\r\n\t                                    <div class=\"team-thumbs\">\r\n\t\t\t\t\t\t\t\t\t<div class=\"post-thumbnail-wrap\">\r\n\t\t\t\t<figure class=\"post-thumbnail\">\r\n\t\t\t\t\t<a class=\"post-thumb-link alignwide\" href=\"https:\/\/expatprotected.com\/no\/team\/ida-skog\/\" aria-hidden=\"true\"\r\n\t\t\t\t\t   tabindex=\"-1\">\r\n\t\t\t\t\t\t\t<img loading=\"lazy\" decoding=\"async\" width=\"500\" height=\"500\" src=\"https:\/\/expatprotected.com\/wp-content\/uploads\/2026\/05\/Ida_Skog-500x500.jpg\" class=\"attachment-insureti-500-500 size-insureti-500-500 wp-post-image\" alt=\"\" srcset=\"https:\/\/expatprotected.com\/wp-content\/uploads\/2026\/05\/Ida_Skog-500x500.jpg 500w, https:\/\/expatprotected.com\/wp-content\/uploads\/2026\/05\/Ida_Skog-150x150.jpg 150w\" sizes=\"(max-width: 500px) 100vw, 500px\" \/>\t\t\t\t\t<\/a>\r\n\t\t\t\t\t\t\t\t\t<\/figure><!-- .post-thumbnail -->\r\n\t\t\t<\/div>\r\n\t\t\t                        <div class=\"rt-team-social\">\r\n                            <ul class=\"share-wrap\">\r\n                                <li class=\"share right\">\r\n                                    <a href=\"\"><i class=\"icon-rt-share\"><\/i><\/a>\r\n                                                                            <ul class=\"team-social submenu\">\r\n                                                                                    <\/ul>\r\n                                                                    <\/li>\r\n                            <\/ul>\r\n                        <\/div>\r\n                        \r\n                    <\/div>\r\n                                        <div class=\"team-content\">\r\n                        <div class=\"team-info\">\r\n                            <h3 class=\"team-title\"><a href=\"https:\/\/expatprotected.com\/no\/team\/ida-skog\/\">Ida Skog<\/a><\/h3>\r\n\t\t\t\t\t\t                            <div class=\"team-designation\">Forsikringsspesialist<\/div>\r\n\t\t\t\t\t\t                    <\/div>\r\n                <\/div>\r\n            <\/div>\r\n        <\/div>\r\n    <\/div>\r\n\t\t<\/div>\r\n<\/div>\t\t\t\t<\/div>\n\t\t\t\t<\/div>\n\t\t\t\t<\/div>\n\t\t\t\t\t<\/div>\n\t\t\t\t<\/div>\n\t\t<div class=\"elementor-element elementor-element-7f39960 e-flex e-con-boxed e-con e-parent\" data-id=\"7f39960\" data-element_type=\"container\" data-e-type=\"container\" data-settings=\"{&quot;background_background&quot;:&quot;classic&quot;}\">\n\t\t\t\t\t<div class=\"e-con-inner\">\n\t\t<div class=\"elementor-element elementor-element-fff4f28 e-con-full e-flex e-con e-child\" data-id=\"fff4f28\" data-element_type=\"container\" data-e-type=\"container\">\n\t\t<div class=\"elementor-element elementor-element-30f7156 e-con-full e-flex e-con e-child\" data-id=\"30f7156\" data-element_type=\"container\" data-e-type=\"container\">\n\t\t\t\t<div class=\"elementor-element elementor-element-3e6395e elementor-widget elementor-widget-rt-title\" data-id=\"3e6395e\" data-element_type=\"widget\" data-e-type=\"widget\" data-settings=\"{&quot;_animation&quot;:&quot;none&quot;}\" data-widget_type=\"rt-title.default\">\n\t\t\t\t<div class=\"elementor-widget-container\">\n\t\t\t\t\t\r\n<div class=\"section-title-wrapper\">\r\n\r\n\t<!--Background Title-->\r\n\t\t\t<div class=\"bg-title-wrap\">\r\n            <span class=\"background-title solid\">\r\n                Egenskaper            <\/span>\r\n\t\t<\/div>\r\n\t\r\n\t<div class=\"title-inner-wrapper  fadeInUp\" data-wow-delay=\"0.3s\" data-wow-duration=\"1s\">\r\n\r\n\t\t<!--Top Sub Title-->\r\n\t\t\r\n\t\t<!--Main Title-->\r\n\t\t            <h2 class=\"main-title\">Abonner p\u00e5 nyhetsbrevet v\u00e5rt!<\/h2>\r\n        \r\n        <!--Description-->\r\n                    <div class=\"description\"><p>Meld deg p\u00e5 for occasional oppdateringer fra teamet v\u00e5rt \u2014 ingen spam, noen gang<\/p><\/div>\r\n            <\/div>\r\n<\/div>\t\t\t\t<\/div>\n\t\t\t\t<\/div>\n\t\t\t\t<\/div>\n\t\t<div class=\"elementor-element elementor-element-4215609 e-con-full e-flex e-con e-child\" data-id=\"4215609\" data-element_type=\"container\" data-e-type=\"container\" data-settings=\"{&quot;background_background&quot;:&quot;classic&quot;}\">\n\t\t\t\t<div class=\"elementor-element elementor-element-b2e9c19 elementor-widget elementor-widget-rt-button\" data-id=\"b2e9c19\" data-element_type=\"widget\" data-e-type=\"widget\" data-widget_type=\"rt-button.default\">\n\t\t\t\t<div class=\"elementor-widget-container\">\n\t\t\t\t\t<div class=\"rt-button  fadeInUp\" data-wow-delay=\"0.3s\" data-wow-duration=\"1s\">\r\n\t\r\n\t<!--Button Title-->\r\n\t\t\t<a class=\"button btn-primary button-style1\" href=\"https:\/\/www.radiustheme.com\/demo\/wordpress\/themes\/insureti\/contact\/\" rel=\"nofollow\">Abonn\u00e9r n\u00e5<\/a>\t\r\n<\/div>\r\n\t\t\t\t<\/div>\n\t\t\t\t<\/div>\n\t\t\t\t<\/div>\n\t\t\t\t<\/div>\n\t\t\t\t\t<\/div>\n\t\t\t\t<\/div>\n\t\t\t\t<\/div>","protected":false},"excerpt":{"rendered":"<p>Properties About Us Your trusted partner in Thailand and Asia Welcome to ExpatProtected.com, your trusted partner for insurance and legal protection in Thailand and Asia. With over 30 years of expertise, we specialize in safeguarding expats and their families, offering tailored solutions that provide security and peace of mind. We understand the unique challenges that [&hellip;]<\/p>\n","protected":false},"author":1,"featured_media":0,"parent":0,"menu_order":0,"comment_status":"closed","ping_status":"closed","template":"elementor_header_footer","meta":{"footnotes":""},"class_list":["post-15138","page","type-page","status-publish","hentry"],"aioseo_notices":[],"_links":{"self":[{"href":"https:\/\/expatprotected.com\/no\/wp-json\/wp\/v2\/pages\/15138","targetHints":{"allow":["GET"]}}],"collection":[{"href":"https:\/\/expatprotected.com\/no\/wp-json\/wp\/v2\/pages"}],"about":[{"href":"https:\/\/expatprotected.com\/no\/wp-json\/wp\/v2\/types\/page"}],"author":[{"embeddable":true,"href":"https:\/\/expatprotected.com\/no\/wp-json\/wp\/v2\/users\/1"}],"replies":[{"embeddable":true,"href":"https:\/\/expatprotected.com\/no\/wp-json\/wp\/v2\/comments?post=15138"}],"version-history":[{"count":5,"href":"https:\/\/expatprotected.com\/no\/wp-json\/wp\/v2\/pages\/15138\/revisions"}],"predecessor-version":[{"id":15912,"href":"https:\/\/expatprotected.com\/no\/wp-json\/wp\/v2\/pages\/15138\/revisions\/15912"}],"wp:attachment":[{"href":"https:\/\/expatprotected.com\/no\/wp-json\/wp\/v2\/media?parent=15138"}],"curies":[{"name":"wp","href":"https:\/\/api.w.org\/{rel}","templated":true}]}}