{"id":15839,"date":"2026-05-02T23:32:20","date_gmt":"2026-05-02T23:32:20","guid":{"rendered":"https:\/\/expatprotected.com\/join-our-agent-network\/"},"modified":"2026-05-02T23:32:20","modified_gmt":"2026-05-02T23:32:20","slug":"join-our-agent-network","status":"publish","type":"page","link":"https:\/\/expatprotected.com\/fi\/join-our-agent-network\/","title":{"rendered":"Liity agenttiverkostoomme"},"content":{"rendered":"<h2 class=\"wp-block-heading\">Liity agenttiverkostoomme<\/h2>\n\n\n\n<p>Etsitk\u00f6 j\u00e4nnitt\u00e4v\u00e4\u00e4 mahdollisuutta edustaa luotettavaa yrityst\u00e4 ja ansaita kilpailukykyisi\u00e4 provisioita? Etsimme agentteita edist\u00e4m\u00e4\u00e4n ja myym\u00e4\u00e4n palveluitamme <strong>Kambod\u017eassa, Vietnamissa, Hongkongissa, Bangkokissa, Phuketissa ja Hua Hiniss\u00e4<\/strong>.<\/p>\n\n\n\n<p>T\u00e4m\u00e4 ei ole ty\u00f6suhde; se on kumppanuus, jossa voit menesty\u00e4 itsen\u00e4isen\u00e4 agenttina ja ansaita provisioita jokaisesta onnistuneesta myynnist\u00e4. Oletpa sitten ulkomaalainen tai paikallinen, t\u00e4m\u00e4 on sinun mahdollisuutesi liitty\u00e4 dynaamiseen verkkoon ja kasvaa kanssamme.<\/p>\n\n\n\n<p>Ota meihin yhteytt\u00e4 t\u00e4n\u00e4\u00e4n saadaksesi lis\u00e4tietoja ja ota ensimm\u00e4inen askel kohti palkitsevaa yhteisty\u00f6t\u00e4!<\/p>\n\n\n\n<div class=\"wp-block-buttons is-content-justification-center is-layout-flex wp-container-core-buttons-is-layout-16018d1d wp-block-buttons-is-layout-flex\">\n<div class=\"wp-block-button\"><a class=\"wp-block-button__link has-vivid-cyan-blue-background-color has-background wp-element-button\" href=\"\/fi\/agent-system\/register\/\" style=\"padding-top:16px;padding-right:36px;padding-bottom:16px;padding-left:36px\"><strong>Hae Kumppanuuteen<\/strong><\/a><\/div>\n\n\n\n<div class=\"wp-block-button is-style-outline is-style-outline--1\"><a class=\"wp-block-button__link wp-element-button\" href=\"\/fi\/contact\/\">Ota yhteytt\u00e4 Ensin<\/a><\/div>\n<\/div>","protected":false},"excerpt":{"rendered":"<p>Join Our Agent Network Are you looking for an exciting opportunity to represent a trusted company and earn competitive commissions? We are seeking agents to promote and sell our services in Cambodia, Vietnam, Hong Kong, Bangkok, Phuket, and Hua Hin. This is not an employment role; it&#8217;s a partnership where you can thrive as an [&hellip;]<\/p>\n","protected":false},"author":1,"featured_media":0,"parent":0,"menu_order":0,"comment_status":"closed","ping_status":"closed","template":"","meta":{"footnotes":""},"class_list":["post-15839","page","type-page","status-publish","hentry"],"aioseo_notices":[],"_links":{"self":[{"href":"https:\/\/expatprotected.com\/fi\/wp-json\/wp\/v2\/pages\/15839","targetHints":{"allow":["GET"]}}],"collection":[{"href":"https:\/\/expatprotected.com\/fi\/wp-json\/wp\/v2\/pages"}],"about":[{"href":"https:\/\/expatprotected.com\/fi\/wp-json\/wp\/v2\/types\/page"}],"author":[{"embeddable":true,"href":"https:\/\/expatprotected.com\/fi\/wp-json\/wp\/v2\/users\/1"}],"replies":[{"embeddable":true,"href":"https:\/\/expatprotected.com\/fi\/wp-json\/wp\/v2\/comments?post=15839"}],"version-history":[{"count":0,"href":"https:\/\/expatprotected.com\/fi\/wp-json\/wp\/v2\/pages\/15839\/revisions"}],"wp:attachment":[{"href":"https:\/\/expatprotected.com\/fi\/wp-json\/wp\/v2\/media?parent=15839"}],"curies":[{"name":"wp","href":"https:\/\/api.w.org\/{rel}","templated":true}]}}